{"id":18082,"date":"2022-02-28T01:40:19","date_gmt":"2022-02-28T00:40:19","guid":{"rendered":"https:\/\/edoardoguzzi.com\/?page_id=18082"},"modified":"2024-09-09T10:57:49","modified_gmt":"2024-09-09T09:57:49","slug":"kontakte","status":"publish","type":"page","link":"https:\/\/edoardoguzzi.com\/de\/kontakte\/","title":{"rendered":"Kontaktieren Sie mich"},"content":{"rendered":"<section id=\"ournumbers\" class=\"bde-section-18082-100 bde-section\">\n  \n  \n\t\n\n\n\n        <div class=\"section-shape-divider-wrapper section-shape-divider-wrapper--1\">\n          <span class=\"section-shape-divider\">\n                      <svg\n                xmlns=\"http:\/\/www.w3.org\/2000\/svg\"\n                viewBox=\"0 0 1440 320\"\n                preserveAspectRatio=\"none\"\n            >\n              <path fill=\"currentColor\" fill-opacity=\"1\" d=\"M0,32L80,192L160,32L240,256L320,128L400,224L480,192L560,288L640,256L720,128L800,0L880,160L960,288L1040,32L1120,96L1200,256L1280,32L1360,160L1440,96L1440,320L1360,320L1280,320L1200,320L1120,320L1040,320L960,320L880,320L800,320L720,320L640,320L560,320L480,320L400,320L320,320L240,320L160,320L80,320L0,320Z\"><\/path>\n            <\/svg>\n                    <\/span>\n      <\/div>\n  <div class=\"section-container\"><h2 class=\"bde-heading-18082-101 bde-heading bde-preset-c3f7b8e5-e19d-4074-abc6-12faa5d3997e\">\n> Contattami\n<\/h2><div class=\"bde-rich-text-18082-102 bde-rich-text bde-preset-5acf4b38-5373-466e-8480-23dad4de0896 breakdance-rich-text-styles\">\n<p>Hai un'idea che vorresti realizzare? Hai bisogno di supporto per migliorare i processi digitali della tua azienda?<\/p>\n<p>Oppure vuoi semplicemente discutere una sfida tecnica con qualcuno che possa aiutarti a trovare la soluzione giusta?<\/p>\n<p><strong>Sono qui per ascoltarti.<\/strong><\/p>\n<p>Che tu sia un imprenditore in fase di avvio o un'azienda consolidata, il primo passo verso il successo digitale \u00e8 una conversazione.<\/p>\n<p><strong>Raccontami cosa vuoi realizzare, quali sono i tuoi obiettivi e le difficolt\u00e0 che stai incontrando.<\/strong><\/p>\n<p>Ogni progetto inizia con un'idea, e insieme possiamo trovare il modo migliore per trasformarla in qualcosa di concreto.<\/p>\n<\/div><\/div>\n<\/section><section id=\"ournumbers\" class=\"bde-section-18082-103 bde-section\">\n  \n  \n\t\n\n\n\n        <div class=\"section-shape-divider-wrapper section-shape-divider-wrapper--1\">\n          <span class=\"section-shape-divider\">\n                      <svg\n                xmlns=\"http:\/\/www.w3.org\/2000\/svg\"\n                viewBox=\"0 0 1440 320\"\n                preserveAspectRatio=\"none\"\n            >\n              <path fill=\"currentColor\" fill-opacity=\"1\" d=\"M0,96L68.6,32L137.1,224L205.7,256L274.3,32L342.9,288L411.4,256L480,64L548.6,192L617.1,224L685.7,288L754.3,96L822.9,192L891.4,128L960,192L1028.6,96L1097.1,96L1165.7,0L1234.3,256L1302.9,320L1371.4,64L1440,64L1440,320L1371.4,320L1302.9,320L1234.3,320L1165.7,320L1097.1,320L1028.6,320L960,320L891.4,320L822.9,320L754.3,320L685.7,320L617.1,320L548.6,320L480,320L411.4,320L342.9,320L274.3,320L205.7,320L137.1,320L68.6,320L0,320Z\"><\/path>\n            <\/svg>\n                    <\/span>\n      <\/div>\n  <div class=\"section-container\"><h2 class=\"bde-heading-18082-104 bde-heading bde-preset-269c7076-3a92-45b3-b844-34440598c9f9\">\n> Come possiamo collaborare?<br>\n<\/h2><div class=\"bde-rich-text-18082-105 bde-rich-text bde-preset-5acf4b38-5373-466e-8480-23dad4de0896 breakdance-rich-text-styles\">\n<ul>\n<li><strong>Realizzazione di siti web<\/strong> personalizzati e ottimizzati per il tuo business.<br \/><br \/><\/li>\n<li><strong>Sviluppo di app mobile<\/strong> che risolvono problemi e migliorano l'esperienza utente.<br \/><br \/><\/li>\n<li><strong>Automazione dei processi aziendali<\/strong>, per semplificare il tuo lavoro e aumentare l\u2019efficienza.<br \/><br \/><\/li>\n<li><strong>Integrazioni di sistemi<\/strong> per unire i tuoi strumenti e migliorare la produttivit\u00e0.<br \/><br \/><\/li>\n<li><strong>Supporto tecnico dedicato<\/strong>, per assicurarti che tutto funzioni senza intoppi.<\/li>\n<\/ul>\n<\/div><\/div>\n<\/section><section id=\"prenota_consulenza\" class=\"bde-section-18082-106 bde-section\">\n  \n  \n\t\n\n\n\n        <div class=\"section-shape-divider-wrapper section-shape-divider-wrapper--1\">\n          <span class=\"section-shape-divider\">\n                      <svg\n                xmlns=\"http:\/\/www.w3.org\/2000\/svg\"\n                viewBox=\"0 0 1440 320\"\n                preserveAspectRatio=\"none\"\n            >\n              <path fill=\"currentColor\" fill-opacity=\"1\" d=\"M0,32L80,192L160,32L240,256L320,128L400,224L480,192L560,288L640,256L720,128L800,0L880,160L960,288L1040,32L1120,96L1200,256L1280,32L1360,160L1440,96L1440,320L1360,320L1280,320L1200,320L1120,320L1040,320L960,320L880,320L800,320L720,320L640,320L560,320L480,320L400,320L320,320L240,320L160,320L80,320L0,320Z\"><\/path>\n            <\/svg>\n                    <\/span>\n      <\/div>\n  <div class=\"section-container\"><div class=\"bde-globalblock-18082-107 bde-globalblock\"><div class=\"bde-div-33409-100-33409-1 bde-div bde-div-33409-100\">\n  \n  \n\t\n\n\n\n<h2 class=\"bde-heading-33409-101-33409-1 bde-heading bde-preset-c3f7b8e5-e19d-4074-abc6-12faa5d3997e bde-heading-33409-101\">\n> Prenota una consulenza con ME\n<\/h2><div class=\"bde-rich-text-33409-102-33409-1 bde-rich-text bde-preset-7d8425fd-80c9-4799-9c9d-78c7d46301d1 bde-rich-text-33409-102 breakdance-rich-text-styles\">\n<h3>&gt; Come funziona?<\/h3>\n<ol>\n<li>Compila il form con i tuoi dati e l'orario preferito e i giorni preferiti<\/li>\n<li>Noi ti contatteremo entro poche ore per messaggio\/email\/chiamata per confermarti l'appuntamento\u00a0<\/li>\n<\/ol>\n<\/div><div class=\"bde-div-33409-103-33409-1 bde-div bde-div-33409-103\">\n  \n  \n\t\n\n\n\n<div class=\"bde-div-33409-104-33409-1 bde-div bde-div-33409-104\">\n  \n  \n\t\n\n\n\n<div id=\"quotazioneweb\" class=\"bde-form-builder-33409-105-33409-1 bde-form-builder bde-form-builder-33409-105\">\n\n<form id=\"form_consulenza_landing_realizziamo_sito\" class=\"breakdance-form breakdance-form--vertical\" data-options=\"{&quot;slug&quot;:&quot;custom&quot;,&quot;name&quot;:&quot;Contact Form&quot;,&quot;ajaxUrl&quot;:&quot;https:\\\/\\\/edoardoguzzi.com\\\/wp-admin\\\/admin-ajax.php&quot;,&quot;clearOnSuccess&quot;:true,&quot;hideOnSuccess&quot;:false,&quot;successMessage&quot;:&quot;Il tuo messaggio \\u00e8 stato inviato con successo&quot;,&quot;errorMessage&quot;:&quot;Qualcosa \\u00e8 andato storto contattaci direttamente a <span \n                data-original-string='w2L65S\/9bJou2wBggZ5DGw==edf+lzEht015lM2XJ7KcPMEJRcnDrRJfokTxVdcZh4OuxE='\n                class='apbct-email-encoder'\n                title='Dieser Kontakt wurde von Anti-Spam by CleanTalk verschl\u00fcsselt. Klicken Sie hier, um ihn zu entschl\u00fcsseln. Sollte der Kontakt danach nicht angezeigt werden, \u00fcberpr\u00fcfen Sie bitte, dass JavaScript in Ihrem Browser aktiviert ist.'>in<span class=\"apbct-blur\">**<\/span>@<span class=\"apbct-blur\">**********<\/span>ev.host<\/span>&quot;,&quot;redirect&quot;:true,&quot;redirectUrl&quot;:&quot;https:\\\/\\\/edoardoguzzi.com\\\/grazie-per-averci-contattato\\\/&quot;,&quot;customJavaScript&quot;:&quot;&quot;,&quot;recaptcha&quot;:{&quot;key&quot;:&quot;&quot;,&quot;enabled&quot;:false},&quot;honeypot_enabled&quot;:true,&quot;popupsOnSuccess&quot;:[],&quot;popupsOnError&quot;:[]}\" data-steps=\"0\" >\n  \n  \n  \n<div class=\"breakdance-form-field breakdance-form-field--text\" >\n    \n    \n            <label class=\"breakdance-form-field__label\" for=\"name\">\n            Name<span class=\"breakdance-form-field__required\">*<\/span>\n        <\/label>\n    \n    <input\n    class=\"breakdance-form-field__input\"\n    id=\"name\"\n    aria-describedby=\"name\"\n    type=\"text\"\n    name=\"fields[name]\"\n    placeholder=\"\"\n    value=\"\"\n                \n        \n        \n    required\n    \n    \n    \n    \n    \n>\n\n\n    \n    \n<\/div>\n\n\n<div class=\"breakdance-form-field breakdance-form-field--text\" >\n    \n    \n            <label class=\"breakdance-form-field__label\" for=\"tfomkn\">\n            Cognome<span class=\"breakdance-form-field__required\">*<\/span>\n        <\/label>\n    \n    <input\n    class=\"breakdance-form-field__input\"\n    id=\"tfomkn\"\n    aria-describedby=\"tfomkn\"\n    type=\"text\"\n    name=\"fields[tfomkn]\"\n    placeholder=\"\"\n    value=\"\"\n                \n        \n        \n    required\n    \n    \n    \n    \n    \n>\n\n\n    \n    \n<\/div>\n\n\n<div class=\"breakdance-form-field breakdance-form-field--email\" >\n    \n    \n            <label class=\"breakdance-form-field__label\" for=\"email\">\n            Email<span class=\"breakdance-form-field__required\">*<\/span>\n        <\/label>\n    \n    <input\n    class=\"breakdance-form-field__input\"\n    id=\"email\"\n    aria-describedby=\"email\"\n    type=\"email\"\n    name=\"fields[email]\"\n    placeholder=\"\"\n    value=\"\"\n                \n        \n        \n    required\n    \n    \n    \n    \n    \n>\n\n\n    \n    \n<\/div>\n\n\n<div class=\"breakdance-form-field breakdance-form-field--tel\" >\n    \n    \n            <label class=\"breakdance-form-field__label\" for=\"urjgjy\">\n            Telefono<span class=\"breakdance-form-field__required\">*<\/span>\n        <\/label>\n    \n    <input\n    class=\"breakdance-form-field__input\"\n    id=\"urjgjy\"\n    aria-describedby=\"urjgjy\"\n    type=\"tel\"\n    name=\"fields[urjgjy]\"\n    placeholder=\"\"\n    value=\"\"\n                \n        \n        \n    required\n    \n    \n    \n    \n    \n>\n\n\n    \n    \n<\/div>\n\n\n<div class=\"breakdance-form-field breakdance-form-field--textarea\" >\n    \n    \n            <label class=\"breakdance-form-field__label\" for=\"message\">\n            Raccontaci ci\u00f2 che vorresti realizzare<span class=\"breakdance-form-field__required\">*<\/span>\n        <\/label>\n    \n    <textarea\n    class=\"breakdance-form-field__input\"\n    id=\"message\"\n    aria-describedby=\"message\"\n    type=\"textarea\"\n    name=\"fields[message]\"\n        placeholder=\"\"\n    required\n    \n    \n    >\n<\/textarea>\n\n\n    \n    \n<\/div>\n\n\n<div class=\"breakdance-form-field breakdance-form-field--time\" >\n    \n    \n            <label class=\"breakdance-form-field__label\" for=\"fczhjh\">\n            A che ora vorresti fare la consulenza?<span class=\"breakdance-form-field__required\">*<\/span>\n        <\/label>\n    \n    <input\n    class=\"breakdance-form-field__input\"\n    id=\"fczhjh\"\n    aria-describedby=\"fczhjh\"\n    type=\"time\"\n    name=\"fields[fczhjh]\"\n    placeholder=\"\"\n    value=\"\"\n                \n        \n        \n    required\n    \n    \n    \n    \n    \n>\n\n\n    \n    \n<\/div>\n\n\n<div class=\"breakdance-form-field breakdance-form-field--checkbox\" >\n    \n    \n    \n    <fieldset role=\"group\"\n    aria-label=\"In quali giorni della settimana preferisci la consulenza?\"\n    >\n       <legend class=\"breakdance-form-field__label\">In quali giorni della settimana preferisci la consulenza?<span class=\"breakdance-form-field__required\">*<\/span><\/legend>\n          <div class=\"breakdance-form-checkbox\">\n          <input\n              type=\"checkbox\"\n              name=\"fields[pidxki][]\"\n              value=\"lunedi\"\n              id=\"pidxki-1\"\n              \n              \n                        >\n          <label class=\"breakdance-form-checkbox__text\" for=\"pidxki-1\">lunedi<\/label>\n      <\/div>\n        <div class=\"breakdance-form-checkbox\">\n          <input\n              type=\"checkbox\"\n              name=\"fields[pidxki][]\"\n              value=\"martedi\"\n              id=\"pidxki-2\"\n              \n              \n                        >\n          <label class=\"breakdance-form-checkbox__text\" for=\"pidxki-2\">martedi<\/label>\n      <\/div>\n        <div class=\"breakdance-form-checkbox\">\n          <input\n              type=\"checkbox\"\n              name=\"fields[pidxki][]\"\n              value=\"mercoledi\"\n              id=\"pidxki-3\"\n              \n              \n                        >\n          <label class=\"breakdance-form-checkbox__text\" for=\"pidxki-3\">mercoledi<\/label>\n      <\/div>\n        <div class=\"breakdance-form-checkbox\">\n          <input\n              type=\"checkbox\"\n              name=\"fields[pidxki][]\"\n              value=\"giovedi\"\n              id=\"pidxki-4\"\n              \n              \n                        >\n          <label class=\"breakdance-form-checkbox__text\" for=\"pidxki-4\">giovedi<\/label>\n      <\/div>\n        <div class=\"breakdance-form-checkbox\">\n          <input\n              type=\"checkbox\"\n              name=\"fields[pidxki][]\"\n              value=\"venerdi\"\n              id=\"pidxki-5\"\n              \n              \n                        >\n          <label class=\"breakdance-form-checkbox__text\" for=\"pidxki-5\">venerdi<\/label>\n      <\/div>\n        <div class=\"breakdance-form-checkbox\">\n          <input\n              type=\"checkbox\"\n              name=\"fields[pidxki][]\"\n              value=\"sabato\"\n              id=\"pidxki-6\"\n              \n              \n                        >\n          <label class=\"breakdance-form-checkbox__text\" for=\"pidxki-6\">sabato<\/label>\n      <\/div>\n        <div class=\"breakdance-form-checkbox\">\n          <input\n              type=\"checkbox\"\n              name=\"fields[pidxki][]\"\n              value=\"domenica\"\n              id=\"pidxki-7\"\n              \n              \n                        >\n          <label class=\"breakdance-form-checkbox__text\" for=\"pidxki-7\">domenica<\/label>\n      <\/div>\n  <\/fieldset>\n\n\n\n    \n    \n<\/div>\n\n\n<div class=\"breakdance-form-field breakdance-form-field--radio\" >\n    \n    \n    \n      <fieldset role=\"radiogroup\"\n          aria-label=\"In quali giorni della settimana preferisci la consulenza?\"\n      >\n          <legend class=\"breakdance-form-field__label\">Quale budget hai in mente di investire?<span class=\"breakdance-form-field__required\">*<\/span><\/legend>\n                <div class=\"breakdance-form-radio\">\n            <input\n                type=\"radio\"\n                name=\"fields[agmgzf][]\"\n                value=\"basso\"\n                id=\"agmgzf-1\"\n                required\n                \n                \n                            >\n            <label class=\"breakdance-form-radio__text\" for=\"agmgzf-1\">tra i 900 - 1500<\/label>\n        <\/div>\n            <div class=\"breakdance-form-radio\">\n            <input\n                type=\"radio\"\n                name=\"fields[agmgzf][]\"\n                value=\"medio\"\n                id=\"agmgzf-2\"\n                required\n                \n                \n                            >\n            <label class=\"breakdance-form-radio__text\" for=\"agmgzf-2\">tra i 2500 e i 4000<\/label>\n        <\/div>\n            <div class=\"breakdance-form-radio\">\n            <input\n                type=\"radio\"\n                name=\"fields[agmgzf][]\"\n                value=\"alto\"\n                id=\"agmgzf-3\"\n                required\n                \n                \n                            >\n            <label class=\"breakdance-form-radio__text\" for=\"agmgzf-3\">Oltre i 5000<\/label>\n        <\/div>\n      <\/fieldset>\n\n\n    \n    \n<\/div>\n\n\n<div class=\"breakdance-form-field breakdance-form-field--checkbox\" >\n    \n    \n    \n    <fieldset role=\"group\"\n    aria-label=\"In quali giorni della settimana preferisci la consulenza?\"\n    >\n       <legend class=\"breakdance-form-field__label\">Trattamento dei dati<\/legend>\n          <div class=\"breakdance-form-checkbox\">\n          <input\n              type=\"checkbox\"\n              name=\"fields[jddivs]\"\n              value=\"true\"\n              id=\"jddivs-1\"\n              \n              \n                        >\n          <label class=\"breakdance-form-checkbox__text\" for=\"jddivs-1\">Si, ho letto e accetto il trattamento dei miei dati secondo la cookie policy e la privacy policy<\/label>\n      <\/div>\n  <\/fieldset>\n\n\n\n    \n    \n<\/div>\n\n\n<div class=\"breakdance-form-field breakdance-form-field--hpinput\" >\n    \n    \n            <label class=\"breakdance-form-field__label\" for=\"hpname\">\n            HP Name\n        <\/label>\n    \n    <input\n    class=\"breakdance-form-field__input\"\n    id=\"hpname\"\n    aria-describedby=\"hpname\"\n    type=\"hpinput\"\n    name=\"fields[hpname]\"\n    placeholder=\"\"\n    value=\"\"\n                \n        \n        \n    \n    autocomplete=\"off\"\n    tabindex=\"-1\"\n    \n    \n    \n>\n\n\n    \n    \n<\/div><div class=\"breakdance-form-field breakdance-form-footer\">    \n    \n    \n    \n    \n            \n            <button type=\"submit\" class=\"button-atom button-atom--primary breakdance-form-button breakdance-form-button__submit\"  >\n    \n        <span class=\"button-atom__text\">VOGLIO PRENOTARE LA CONSULENZA GRATUITA<\/span>\n\n        \n        \n            <\/button>\n    \n    <input type=\"hidden\" name=\"form_id\" value=\"105\">\n    <input type=\"hidden\" name=\"post_id\" value=\"33409\">\n<\/div>\n\n  \n<\/form>\n\n\n<\/div>\n<\/div>\n<\/div><div class=\"bde-image-33409-106-33409-1 bde-image bde-image-33409-106\">\n<figure class=\"breakdance-image breakdance-image--34578\">\n\t<div class=\"breakdance-image-container\">\n\t\t<div class=\"breakdance-image-clip\"><img loading=\"lazy\" decoding=\"async\" class=\"breakdance-image-object\" src=\"https:\/\/edoardoguzzi.com\/wp-content\/uploads\/2024\/09\/Edoardo_Guzzi-form_preventivo-scaled.jpg\" width=\"1536\" height=\"2048\" srcset=\"https:\/\/edoardoguzzi.com\/wp-content\/uploads\/2024\/09\/Edoardo_Guzzi-form_preventivo-scaled.jpg 1536w, https:\/\/edoardoguzzi.com\/wp-content\/uploads\/2024\/09\/Edoardo_Guzzi-form_preventivo-225x300.jpg 225w, https:\/\/edoardoguzzi.com\/wp-content\/uploads\/2024\/09\/Edoardo_Guzzi-form_preventivo-768x1024.jpg 768w, https:\/\/edoardoguzzi.com\/wp-content\/uploads\/2024\/09\/Edoardo_Guzzi-form_preventivo-1152x1536.jpg 1152w, https:\/\/edoardoguzzi.com\/wp-content\/uploads\/2024\/09\/Edoardo_Guzzi-form_preventivo-9x12.jpg 9w\" sizes=\"auto, (max-width: 1536px) 100vw, 1536px\" alt=\"Check the form!\" title=\"\"><\/div>\n\t<\/div><\/figure>\n\n<\/div>\n<\/div><\/div><\/div>\n<\/section><section class=\"bde-section-18082-111 bde-section\">\n  \n  \n\t\n\n\n\n        <div class=\"section-shape-divider-wrapper section-shape-divider-wrapper--1\">\n          <span class=\"section-shape-divider\">\n                      <svg\n                xmlns=\"http:\/\/www.w3.org\/2000\/svg\"\n                viewBox=\"0 0 1440 320\"\n                preserveAspectRatio=\"none\"\n            >\n              <path fill=\"currentColor\" fill-opacity=\"1\" d=\"M0,32L80,192L160,32L240,256L320,128L400,224L480,192L560,288L640,256L720,128L800,0L880,160L960,288L1040,32L1120,96L1200,256L1280,32L1360,160L1440,96L1440,320L1360,320L1280,320L1200,320L1120,320L1040,320L960,320L880,320L800,320L720,320L640,320L560,320L480,320L400,320L320,320L240,320L160,320L80,320L0,320Z\"><\/path>\n            <\/svg>\n                    <\/span>\n      <\/div>\n  <div class=\"section-container\"><div class=\"bde-globalblock-18082-112 bde-globalblock\"><div class=\"bde-div-33420-100-33420-1 bde-div bde-div-33420-100\">\n  \n  \n\t\n\n\n\n<h2 class=\"bde-heading-33420-101-33420-1 bde-heading bde-preset-269c7076-3a92-45b3-b844-34440598c9f9 bde-heading-33420-101\">\n> ALTRI SERVIZI\n<\/h2><div class=\"bde-div-33420-102-33420-1 bde-div bde-div-33420-102\">\n  \n  \n\t\n\n\n\n<div class=\"bde-div-33420-103-33420-1 bde-div bde-div-33420-103\">\n  \n  \n\t\n\n\n\n<div class=\"bde-text-33420-104-33420-1 bde-text bde-text-33420-104\">\nS.O.S. DrTecnico\n<\/div><div class=\"bde-text-33420-105-33420-1 bde-text bde-text-33420-105\">\nIl nostro servizio di emergenza 7 su 7 12 ore al giorno di assistenza WhatsApp per problemi tecnici su sito, ecommerce, crm integrazioni anche sviluppato da altri.\n<\/div>\n<\/div><div class=\"bde-div-33420-106-33420-1 bde-div bde-div-33420-106\">\n  \n  \n\t\n\n\n\n<div class=\"bde-text-33420-107-33420-1 bde-text bde-text-33420-107\">\nSTRATEGIA BlueMonkey\n<\/div><div class=\"bde-text-33420-108-33420-1 bde-text bde-text-33420-108\">\nil nostro servizio per trovare la giusta strategia per distinguerti online e non solo\n<\/div>\n<\/div><div class=\"bde-div-33420-109-33420-1 bde-div bde-div-33420-109\">\n  \n  \n\t\n\n\n\n<div class=\"bde-text-33420-110-33420-1 bde-text bde-text-33420-110\">\nDrTecnico LifeTec\n<\/div><div class=\"bde-text-33420-111-33420-1 bde-text bde-text-33420-111\">\nIl nostro servizio mensile per creare il tuo reparto tecnico ed essere supportato a distanza sempre.\n<\/div>\n<\/div><div class=\"bde-div-33420-112-33420-1 bde-div bde-div-33420-112\">\n  \n  \n\t\n\n\n\n<div class=\"bde-text-33420-113-33420-1 bde-text bde-text-33420-113\">\nAn Idea For Business<br>Zero to Hero\n<\/div><div class=\"bde-text-33420-114-33420-1 bde-text bde-text-33420-114\">\nUna consulenza per avviare la tua idea e il tuo progetto nel mondo dell'online per avere chiaro ogni aspetto da curare.\n<\/div>\n<\/div><div class=\"bde-div-33420-115-33420-1 bde-div bde-div-33420-115\">\n  \n  \n\t\n\n\n\n<div class=\"bde-text-33420-116-33420-1 bde-text bde-text-33420-116\">\nTool Specialist\n<\/div><div class=\"bde-text-33420-117-33420-1 bde-text bde-text-33420-117\">\nHai bisogno di un esperto per strumenti o piattaforme specifiche? Ci pensiamo noi reclutiamo o formiamo per te una risorsa e la mettiamo a tua disposizione con un abbonamento mensile\n<\/div>\n<\/div><div class=\"bde-div-33420-118-33420-1 bde-div bde-div-33420-118\">\n  \n  \n\t\n\n\n\n<div class=\"bde-text-33420-119-33420-1 bde-text bde-text-33420-119\">\nSU MISURA\n<\/div><div class=\"bde-text-33420-120-33420-1 bde-text bde-text-33420-120\">\nRealizziamo e integriamo per te piattaforme e strumenti utili per la tua azienda completamente su misura\n<\/div>\n<\/div>\n<\/div>\n<\/div><\/div><\/div>\n<\/section><section id=\"ournumbers\" class=\"bde-section-18082-108 bde-section\">\n  \n  \n\t\n\n\n\n<div class=\"section-container\"><h2 class=\"bde-heading-18082-109 bde-heading bde-preset-c3f7b8e5-e19d-4074-abc6-12faa5d3997e\">\n> Oppure, contattami direttamente\n<\/h2><div class=\"bde-rich-text-18082-110 bde-rich-text bde-preset-5acf4b38-5373-466e-8480-23dad4de0896 breakdance-rich-text-styles\">\n<ul>\n<li>Email: <a rel=\"noopener\"><span \n                data-original-string='JLzSd\/N8NC0f13FQC8eDzQ==edfJYp9DhYHR6yO1rbIjP60IGQH\/Q6uKBOFTq39a14wBrE='\n                class='apbct-email-encoder'\n                title='Dieser Kontakt wurde von Anti-Spam by CleanTalk verschl\u00fcsselt. Klicken Sie hier, um ihn zu entschl\u00fcsseln. Sollte der Kontakt danach nicht angezeigt werden, \u00fcberpr\u00fcfen Sie bitte, dass JavaScript in Ihrem Browser aktiviert ist.'>in<span class=\"apbct-blur\">**<\/span>@<span class=\"apbct-blur\">**********<\/span>ev.host<\/span><\/a><\/li>\n<li>Telefono Assistenza Whatsapp: +41764123568<\/li>\n<li>Telefono Centralino ITALIA: +390640060272<\/li>\n<li>Telefono Centralino SVIZZERA: +41435507619<\/li>\n<\/ul>\n<\/div><\/div>\n<\/section>","protected":false},"excerpt":{"rendered":"<p>> Contattami Hai un&#8217;idea che vorresti realizzare? Hai bisogno di supporto per migliorare i processi digitali della tua azienda? Oppure vuoi semplicemente discutere una sfida tecnica con qualcuno che possa aiutarti a trovare la soluzione giusta? Sono qui per ascoltarti. Che tu sia un imprenditore in fase di avvio o un&#8217;azienda consolidata, il primo passo [&hellip;]<\/p>\n","protected":false},"author":1,"featured_media":0,"parent":0,"menu_order":0,"comment_status":"closed","ping_status":"closed","template":"","meta":{"_breakdance_hide_in_design_set":false,"_breakdance_tags":"","footnotes":""},"class_list":["post-18082","page","type-page","status-publish","hentry"],"meta_box":[],"_links":{"self":[{"href":"https:\/\/edoardoguzzi.com\/de\/wp-json\/wp\/v2\/pages\/18082","targetHints":{"allow":["GET"]}}],"collection":[{"href":"https:\/\/edoardoguzzi.com\/de\/wp-json\/wp\/v2\/pages"}],"about":[{"href":"https:\/\/edoardoguzzi.com\/de\/wp-json\/wp\/v2\/types\/page"}],"author":[{"embeddable":true,"href":"https:\/\/edoardoguzzi.com\/de\/wp-json\/wp\/v2\/users\/1"}],"replies":[{"embeddable":true,"href":"https:\/\/edoardoguzzi.com\/de\/wp-json\/wp\/v2\/comments?post=18082"}],"version-history":[{"count":16,"href":"https:\/\/edoardoguzzi.com\/de\/wp-json\/wp\/v2\/pages\/18082\/revisions"}],"predecessor-version":[{"id":33788,"href":"https:\/\/edoardoguzzi.com\/de\/wp-json\/wp\/v2\/pages\/18082\/revisions\/33788"}],"wp:attachment":[{"href":"https:\/\/edoardoguzzi.com\/de\/wp-json\/wp\/v2\/media?parent=18082"}],"curies":[{"name":"wp","href":"https:\/\/api.w.org\/{rel}","templated":true}]}}