{"id":28675,"date":"2023-09-22T18:37:34","date_gmt":"2023-09-22T17:37:34","guid":{"rendered":"https:\/\/edoardoguzzi.com\/disconoscimento\/"},"modified":"2024-12-05T15:36:10","modified_gmt":"2024-12-05T14:36:10","slug":"nichtanerkennung","status":"publish","type":"page","link":"https:\/\/edoardoguzzi.com\/de\/nichtanerkennung\/","title":{"rendered":"Disavowal"},"content":{"rendered":"<!-- Legal document generated by Complianz | GDPR\/CCPA Cookie Consent https:\/\/wordpress.org\/plugins\/complianz-gdpr -->\n<div id=\"cmplz-document\" class=\"cmplz-document disclaimer cmplz-document-all\"><p>AIFB EDOARDO GUZZI ist bestrebt, diese Website auf dem neuesten Stand und korrekt zu halten. Sollten Sie dennoch auf falsche oder veraltete Informationen sto\u00dfen, w\u00e4ren wir Ihnen dankbar, wenn Sie uns dies mitteilen k\u00f6nnten. Bitte geben Sie an, wo auf der Website Sie die Informationen gelesen haben. Wir werden uns dann so schnell wie m\u00f6glich darum k\u00fcmmern. Bitte senden Sie Ihre Antwort per E-Mail an: <span class=\"cmplz-obfuscate\">Privatsph\u00e4re@<span class=\"cmplz-fmail-domain\">ex.com<\/span>aifb.ch<\/span>.<\/p><p>Wir haften nicht f\u00fcr Sch\u00e4den, die durch Ungenauigkeiten oder Unvollst\u00e4ndigkeiten entstehen, und auch nicht f\u00fcr Sch\u00e4den, die auf Probleme zur\u00fcckzuf\u00fchren sind, die durch die Verbreitung von Informationen \u00fcber das Internet verursacht werden oder damit verbunden sind, wie z.B. St\u00f6rungen oder Unterbrechungen. Bei der Verwendung von Webformularen bem\u00fchen wir uns, die Anzahl der erforderlichen Felder auf ein Minimum zu beschr\u00e4nken. F\u00fcr Sch\u00e4den, die durch die Nutzung von Daten, Ratschl\u00e4gen oder Ideen entstehen, die von oder im Namen von AIFB EDOARDO GUZZI \u00fcber diese Website bereitgestellt werden, \u00fcbernimmt AIFB EDOARDO GUZZI keine Haftung.<\/p><p>Antworten und Datenschutzanfragen, die per E-Mail oder \u00fcber ein Webformular eingereicht werden, werden wie Briefe behandelt. Das bedeutet, dass Sie sp\u00e4testens innerhalb von 1 Monat eine Antwort von uns erwarten k\u00f6nnen. Bei komplexen Anfragen werden wir Sie innerhalb von 1 Monat informieren, wenn wir maximal 3 Monate ben\u00f6tigen.<\/p><p>Alle pers\u00f6nlichen Daten, die Sie uns im Zusammenhang mit Ihrer Antwort oder Informationsanfrage zur Verf\u00fcgung stellen, werden ausschlie\u00dflich in \u00dcbereinstimmung mit unserer Datenschutzerkl\u00e4rung verwendet.<\/p><p>AIFB EDOARDO GUZZI \u00fcbernimmt keine Verantwortung f\u00fcr den Inhalt von Websites, zu denen oder von denen ein Hyperlink oder ein anderer Verweis besteht. Produkte oder Dienstleistungen, die von Dritten angeboten werden, unterliegen den geltenden Gesch\u00e4ftsbedingungen dieser Dritten.<\/p><p>Alle geistigen Eigentumsrechte an den Inhalten dieser Website liegen bei AIFB EDOARDO GUZZI oder bei Dritten, die die Inhalte selbst eingestellt haben oder von denen AIFB EDOARDO GUZZI eine Nutzungslizenz erhalten hat.<\/p><p>Die Vervielf\u00e4ltigung, Verbreitung und sonstige Nutzung dieser Materialien ist ohne die schriftliche Genehmigung von AIFB EDOARDO GUZZI nicht gestattet, es sei denn, zwingende gesetzliche Vorschriften (wie z.B. das Zitatrecht) schreiben etwas anderes vor.<\/p><p>Sollten Sie Fragen oder Probleme mit der Zug\u00e4nglichkeit der Website haben, z\u00f6gern Sie bitte nicht, uns zu kontaktieren.<\/p><\/div>","protected":false},"excerpt":{"rendered":"","protected":false},"author":1,"featured_media":0,"parent":0,"menu_order":0,"comment_status":"closed","ping_status":"closed","template":"","meta":{"_breakdance_hide_in_design_set":false,"_breakdance_tags":"","footnotes":""},"class_list":["post-28675","page","type-page","status-publish","hentry"],"meta_box":[],"_links":{"self":[{"href":"https:\/\/edoardoguzzi.com\/de\/wp-json\/wp\/v2\/pages\/28675","targetHints":{"allow":["GET"]}}],"collection":[{"href":"https:\/\/edoardoguzzi.com\/de\/wp-json\/wp\/v2\/pages"}],"about":[{"href":"https:\/\/edoardoguzzi.com\/de\/wp-json\/wp\/v2\/types\/page"}],"author":[{"embeddable":true,"href":"https:\/\/edoardoguzzi.com\/de\/wp-json\/wp\/v2\/users\/1"}],"replies":[{"embeddable":true,"href":"https:\/\/edoardoguzzi.com\/de\/wp-json\/wp\/v2\/comments?post=28675"}],"version-history":[{"count":1,"href":"https:\/\/edoardoguzzi.com\/de\/wp-json\/wp\/v2\/pages\/28675\/revisions"}],"predecessor-version":[{"id":28678,"href":"https:\/\/edoardoguzzi.com\/de\/wp-json\/wp\/v2\/pages\/28675\/revisions\/28678"}],"wp:attachment":[{"href":"https:\/\/edoardoguzzi.com\/de\/wp-json\/wp\/v2\/media?parent=28675"}],"curies":[{"name":"wp","href":"https:\/\/api.w.org\/{rel}","templated":true}]}}