{"id":34746,"date":"2024-12-05T15:36:06","date_gmt":"2024-12-05T14:36:06","guid":{"rendered":"https:\/\/edoardoguzzi.com\/dichiarazione-sulla-privacy-uk\/"},"modified":"2024-12-05T15:36:06","modified_gmt":"2024-12-05T14:36:06","slug":"datenschutzerklarung-uk","status":"publish","type":"page","link":"https:\/\/edoardoguzzi.com\/de\/datenschutzerklarung-uk\/","title":{"rendered":"Datenschutzerkl\u00e4rung (UK)"},"content":{"rendered":"<!-- Legal document generated by Complianz | GDPR\/CCPA Cookie Consent https:\/\/wordpress.org\/plugins\/complianz-gdpr -->\n<div id=\"cmplz-document\" class=\"cmplz-document privacy-statement cmplz-document-uk\"><p><i>Diese Datenschutzerkl\u00e4rung wurde zuletzt am 5. Dezember 2024 aktualisiert und gilt f\u00fcr B\u00fcrger und Personen mit st\u00e4ndigem Wohnsitz im Vereinigten K\u00f6nigreich.<\/i><br><br><\/p><p>In dieser Datenschutzerkl\u00e4rung erkl\u00e4ren wir, was wir mit den Daten machen, die wir \u00fcber Sie erhalten <a href=\"https:\/\/edoardoguzzi.com\/de\">https:\/\/edoardoguzzi.com\/de<\/a>. Wir empfehlen Ihnen, diese Erkl\u00e4rung sorgf\u00e4ltig zu lesen. Bei unserer Verarbeitung halten wir uns an die Anforderungen der Datenschutzgesetze. Das bedeutet unter anderem, dass:<\/p><ul>\n                <li>wir geben klar an, zu welchen Zwecken wir personenbezogene Daten verarbeiten. Wir tun dies mit Hilfe dieser Datenschutzerkl\u00e4rung;<\/li>\n                <li>wir sind bestrebt, unsere Sammlung personenbezogener Daten auf die personenbezogenen Daten zu beschr\u00e4nken, die f\u00fcr rechtm\u00e4\u00dfige Zwecke erforderlich sind;<\/li>\n                <li>in F\u00e4llen, in denen Ihre Zustimmung erforderlich ist, bitten wir Sie zun\u00e4chst um Ihre ausdr\u00fcckliche Zustimmung zur Verarbeitung Ihrer personenbezogenen Daten;<\/li>\n                <li>wir angemessene Sicherheitsma\u00dfnahmen ergreifen, um Ihre personenbezogenen Daten zu sch\u00fctzen, und dies auch von Parteien verlangen, die personenbezogene Daten in unserem Auftrag verarbeiten;<\/li>\n                <li>wir respektieren Ihr Recht, auf Ihre pers\u00f6nlichen Daten zuzugreifen, sie zu korrigieren oder zu l\u00f6schen, wenn Sie dies w\u00fcnschen.<\/li>\n            <\/ul><p>Wenn Sie Fragen haben oder genau wissen m\u00f6chten, welche Daten wir \u00fcber Sie speichern, kontaktieren Sie uns bitte.<\/p><h2>1. Zweck, Daten und Aufbewahrungsfrist<\/h2>Wir k\u00f6nnen personenbezogene Daten f\u00fcr eine Reihe von Zwecken im Zusammenhang mit unserem Gesch\u00e4ftsbetrieb erfassen oder erhalten, darunter die folgenden: (zum Vergr\u00f6\u00dfern klicken)<details class=\"cmplz-dropdown dropdown-privacy-statement\"><summary><div><h3>1.1 Kontakt - Per Telefon, Post, E-Mail und\/oder Webformulare<\/h3><\/div><\/summary><p class=\"cmplz-subtitle\">Zu diesem Zweck verwenden wir die folgenden Daten:<\/p><p><ul><li>Ein Vor- und Nachname<\/li><li>Eine E-Mail Adresse<\/li><li>Eine Telefonnummer<\/li><\/ul><\/p><p class=\"cmplz-subtitle\">Die Grundlage, auf der wir diese Daten verarbeiten d\u00fcrfen, ist:<\/p><p><a target=\"_blank\" rel=\"noopener noreferrer nofollow\" href=\"https:\/\/cookiedatabase.org\/legal-bases\/#consent\">Nach Erteilung der Zustimmung.<\/a><\/p><p class=\"cmplz-subtitle\">Aufbewahrungsfrist<\/p><p>Wir bewahren diese Daten auf, bis der Dienst beendet wird.<\/p><\/details><details class=\"cmplz-dropdown dropdown-privacy-statement\"><summary><div><h3>1.2 Zahlungen<\/h3><\/div><\/summary><p class=\"cmplz-subtitle\">Zu diesem Zweck verwenden wir die folgenden Daten:<\/p><p><ul><li>Ein Vor- und Nachname<\/li><li>Kontoname oder Alias<\/li><li>Eine Wohnadresse oder eine andere physische Adresse, einschlie\u00dflich Stra\u00dfenname und Name einer Stadt oder eines Ortes<\/li><li>Eine E-Mail Adresse<\/li><li>Eine Telefonnummer<\/li><\/ul><\/p><p class=\"cmplz-subtitle\">Die Grundlage, auf der wir diese Daten verarbeiten d\u00fcrfen, ist:<\/p><p><a target=\"_blank\" rel=\"noopener noreferrer nofollow\" href=\"https:\/\/cookiedatabase.org\/legal-bases\/#consent\">Nach Erteilung der Zustimmung.<\/a><\/p><p class=\"cmplz-subtitle\">Aufbewahrungsfrist<\/p><p>Wir bewahren diese Daten auf, bis der Dienst beendet wird.<\/p><\/details><details class=\"cmplz-dropdown dropdown-privacy-statement\"><summary><div><h3>1.3 Ein Konto registrieren<\/h3><\/div><\/summary><p class=\"cmplz-subtitle\">Zu diesem Zweck verwenden wir die folgenden Daten:<\/p><p><ul><li>Ein Vor- und Nachname<\/li><li>Kontoname oder Alias<\/li><li>Eine E-Mail Adresse<\/li><li>Geolokalisierungsdaten<\/li><\/ul><\/p><p class=\"cmplz-subtitle\">Die Grundlage, auf der wir diese Daten verarbeiten d\u00fcrfen, ist:<\/p><p><a target=\"_blank\" rel=\"noopener noreferrer nofollow\" href=\"https:\/\/cookiedatabase.org\/legal-bases\/#consent\">Nach Erteilung der Zustimmung.<\/a><\/p><p class=\"cmplz-subtitle\">Aufbewahrungsfrist<\/p><p>Wir bewahren diese Daten auf, bis der Dienst beendet wird.<\/p><\/details><details class=\"cmplz-dropdown dropdown-privacy-statement\"><summary><div><h3>1.4 Newsletters<\/h3><\/div><\/summary><p class=\"cmplz-subtitle\">Zu diesem Zweck verwenden wir die folgenden Daten:<\/p><p><ul><li>Ein Vor- und Nachname<\/li><li>Eine E-Mail Adresse<\/li><\/ul><\/p><p class=\"cmplz-subtitle\">Die Grundlage, auf der wir diese Daten verarbeiten d\u00fcrfen, ist:<\/p><p><a target=\"_blank\" rel=\"noopener noreferrer nofollow\" href=\"https:\/\/cookiedatabase.org\/legal-bases\/#consent\">Nach Erteilung der Zustimmung.<\/a><\/p><p class=\"cmplz-subtitle\">Aufbewahrungsfrist<\/p><p>Wir bewahren diese Daten auf, bis der Dienst beendet wird.<\/p><\/details><details class=\"cmplz-dropdown dropdown-privacy-statement\"><summary><div><h3>1.5 Zur Unterst\u00fctzung von Dienstleistungen oder Produkten, die ein Kunde kaufen m\u00f6chte oder gekauft hat<\/h3><\/div><\/summary><p class=\"cmplz-subtitle\">Zu diesem Zweck verwenden wir die folgenden Daten:<\/p><p><ul><li>Ein Vor- und Nachname<\/li><li>Eine E-Mail Adresse<\/li><li>Eine Telefonnummer<\/li><li>Geolokalisierungsdaten<\/li><li>Geburtsdatum<\/li><li>Sex<\/li><li>Physikalische Merkmale oder Beschreibung<\/li><li>Berufliche oder besch\u00e4ftigungsbezogene Informationen<\/li><\/ul><\/p><p class=\"cmplz-subtitle\">Die Grundlage, auf der wir diese Daten verarbeiten d\u00fcrfen, ist:<\/p><p><a target=\"_blank\" rel=\"noopener noreferrer nofollow\" href=\"https:\/\/cookiedatabase.org\/legal-bases\/#consent\">Nach Erteilung der Zustimmung.<\/a><\/p><p class=\"cmplz-subtitle\">Aufbewahrungsfrist<\/p><p>Wir bewahren diese Daten auf, bis der Dienst beendet wird.<\/p><\/details><details class=\"cmplz-dropdown dropdown-privacy-statement\"><summary><div><h3>1.6 Um den gesetzlichen Verpflichtungen nachkommen zu k\u00f6nnen<\/h3><\/div><\/summary><p class=\"cmplz-subtitle\">Zu diesem Zweck verwenden wir die folgenden Daten:<\/p><p><ul><li>Ein Vor- und Nachname<\/li><li>Eine E-Mail Adresse<\/li><li>Eine Telefonnummer<\/li><\/ul><\/p><p class=\"cmplz-subtitle\">Die Grundlage, auf der wir diese Daten verarbeiten d\u00fcrfen, ist:<\/p><p><a target=\"_blank\" rel=\"noopener noreferrer nofollow\" href=\"https:\/\/cookiedatabase.org\/legal-bases\/#consent\">Nach Erteilung der Zustimmung.<\/a><\/p><p class=\"cmplz-subtitle\">Aufbewahrungsfrist<\/p><p>Wir bewahren diese Daten auf, bis der Dienst beendet wird.<\/p><\/details><details class=\"cmplz-dropdown dropdown-privacy-statement\"><summary><div><h3>1.7 Zusammenstellen und Analysieren von Statistiken zur Verbesserung der Website.<\/h3><\/div><\/summary><p class=\"cmplz-subtitle\">Zu diesem Zweck verwenden wir die folgenden Daten:<\/p><p><ul><li>Geolokalisierungsdaten<\/li><\/ul><\/p><p class=\"cmplz-subtitle\">Die Grundlage, auf der wir diese Daten verarbeiten d\u00fcrfen, ist:<\/p><p><a target=\"_blank\" rel=\"noopener noreferrer nofollow\" href=\"https:\/\/cookiedatabase.org\/legal-bases\/#consent\">Nach Erteilung der Zustimmung.<\/a><\/p><p class=\"cmplz-subtitle\">Aufbewahrungsfrist<\/p><p>Wir bewahren diese Daten auf, bis der Dienst beendet wird.<\/p><\/details><details class=\"cmplz-dropdown dropdown-privacy-statement\"><summary><div><h3>1.8 Um personalisierte Produkte und Dienstleistungen anbieten zu k\u00f6nnen<\/h3><\/div><\/summary><p class=\"cmplz-subtitle\">Zu diesem Zweck verwenden wir die folgenden Daten:<\/p><p><ul><li>Ein Vor- und Nachname<\/li><li>Kontoname oder Alias<\/li><li>Eine E-Mail Adresse<\/li><li>Geolokalisierungsdaten<\/li><li>Familienstand<\/li><li>Geburtsdatum<\/li><li>Sex<\/li><li>Physikalische Merkmale oder Beschreibung<\/li><\/ul><\/p><p class=\"cmplz-subtitle\">Die Grundlage, auf der wir diese Daten verarbeiten d\u00fcrfen, ist:<\/p><p><a target=\"_blank\" rel=\"noopener noreferrer nofollow\" href=\"https:\/\/cookiedatabase.org\/legal-bases\/#consent\">Nach Erteilung der Zustimmung.<\/a><\/p><p class=\"cmplz-subtitle\">Aufbewahrungsfrist<\/p><p>Wir bewahren diese Daten auf, bis der Dienst beendet wird.<\/p><\/details><details class=\"cmplz-dropdown dropdown-privacy-statement\"><summary><div><h3>1.9 Auslieferungen<\/h3><\/div><\/summary><p class=\"cmplz-subtitle\">Zu diesem Zweck verwenden wir die folgenden Daten:<\/p><p><ul><li>Ein Vor- und Nachname<\/li><li>Eine Wohnadresse oder eine andere physische Adresse, einschlie\u00dflich Stra\u00dfenname und Name einer Stadt oder eines Ortes<\/li><li>Eine E-Mail Adresse<\/li><li>Eine Telefonnummer<\/li><\/ul><\/p><p class=\"cmplz-subtitle\">Die Grundlage, auf der wir diese Daten verarbeiten d\u00fcrfen, ist:<\/p><p><a target=\"_blank\" rel=\"noopener noreferrer nofollow\" href=\"https:\/\/cookiedatabase.org\/legal-bases\/#consent\">Nach Erteilung der Zustimmung.<\/a><\/p><p class=\"cmplz-subtitle\">Aufbewahrungsfrist<\/p><p>Wir bewahren diese Daten auf, bis der Dienst beendet wird.<\/p><\/details><h2>2. Gemeinsame Nutzung mit anderen Parteien<\/h2><p>Wir geben diese Daten nur an Auftragsverarbeiter und andere Dritte weiter, f\u00fcr die eine Zustimmung eingeholt werden muss.<\/p><p class=\"cmplz-subtitle\">Prozessoren<\/p><p><b>Name:<\/b>&nbsp;Google<br>\n                <b>Land:<\/b>&nbsp;Irland<br>\n                <b>Zweck:<\/b>&nbsp;<br><b>Name:<\/b>&nbsp;Meta<br>\n                <b>Land:<\/b>&nbsp;Irland<br>\n                <b>Zweck:<\/b>&nbsp;<br><\/p><h2>3. Cookies<\/h2><p>Unsere Website verwendet Cookies. Weitere Informationen \u00fcber Cookies finden Sie in unserem <a href=\"https:\/\/edoardoguzzi.com\/de\/cookie-richtlinie-grosbritannien\/\">Cookie-Richtlinie<\/a>.&nbsp;<\/p><h2>4. Praktiken der Offenlegung<\/h2><p><p>Wir legen personenbezogene Daten offen, wenn wir gesetzlich oder per Gerichtsbeschluss dazu verpflichtet sind, als Reaktion auf eine Strafverfolgungsbeh\u00f6rde, soweit dies nach anderen gesetzlichen Bestimmungen zul\u00e4ssig ist, Informationen bereitzustellen, oder f\u00fcr eine Untersuchung in einer Angelegenheit, die die \u00f6ffentliche Sicherheit betrifft.<\/p><p>Wenn unsere Website oder unser Unternehmen \u00fcbernommen, verkauft oder in eine Fusion oder Akquisition verwickelt wird, k\u00f6nnen Ihre Daten unseren Beratern und potenziellen K\u00e4ufern offengelegt und an die neuen Eigent\u00fcmer weitergegeben werden.<\/p><\/p><p>Wir haben einen Vertrag zur Datenverarbeitung mit Google abgeschlossen.<\/p><p>Die Angabe der vollst\u00e4ndigen IP-Adressen wird von uns blockiert.<\/p><h2>5. Sicherheit<\/h2><p>Wir verpflichten uns zur Sicherheit der pers\u00f6nlichen Daten. Wir ergreifen geeignete Sicherheitsma\u00dfnahmen, um den Missbrauch von und den unbefugten Zugriff auf personenbezogene Daten einzuschr\u00e4nken. Dadurch wird sichergestellt, dass nur die notwendigen Personen Zugang zu Ihren Daten haben, dass der Zugang zu den Daten gesch\u00fctzt ist und dass unsere Sicherheitsma\u00dfnahmen regelm\u00e4\u00dfig \u00fcberpr\u00fcft werden.<\/p><p>Die von uns verwendeten Sicherheitsma\u00dfnahmen bestehen aus:<\/p><p><ul><li>Login Sicherheit<\/li><li>DKIM, SPF, DMARC und andere spezifische DNS-Einstellungen<\/li><li>(START)TLS \/ SSL \/ DANE Verschl\u00fcsselung<\/li><li>Website-H\u00e4rtung\/Sicherheitsfunktionen<\/li><li>Sicherheitsma\u00dfnahmen f\u00fcr Hardware, die pers\u00f6nliche Daten enth\u00e4lt oder verarbeitet.<\/li><li>ISO27001\/27002 Zertifizierung<\/li><li>HTTP Strict Transport Security und zugeh\u00f6rige Sicherheits-Header und Browser-Richtlinien<\/li><li>Erkennung von Schwachstellen<\/li><\/ul><\/p><h2>6. Websites von Dritten<\/h2><p>Diese Datenschutzerkl\u00e4rung gilt nicht f\u00fcr Websites Dritter, die \u00fcber Links auf unserer Website verbunden sind. Wir k\u00f6nnen nicht garantieren, dass diese Dritten Ihre pers\u00f6nlichen Daten auf zuverl\u00e4ssige oder sichere Weise behandeln. Wir empfehlen Ihnen, die Datenschutzerkl\u00e4rungen dieser Websites zu lesen, bevor Sie diese Websites nutzen.<\/p><h2>7. \u00c4nderungen an dieser Datenschutzerkl\u00e4rung<\/h2><p>Wir behalten uns das Recht vor, \u00c4nderungen an dieser Datenschutzerkl\u00e4rung vorzunehmen. Wir empfehlen Ihnen, diese Datenschutzerkl\u00e4rung regelm\u00e4\u00dfig zu konsultieren, um sich \u00fcber etwaige \u00c4nderungen zu informieren. Dar\u00fcber hinaus werden wir Sie, wo immer m\u00f6glich, aktiv informieren.<\/p><h2>8. Zugriff auf Ihre Daten und deren \u00c4nderung<\/h2><p>Wenn Sie Fragen haben oder wissen m\u00f6chten, welche pers\u00f6nlichen Daten wir \u00fcber Sie haben, kontaktieren Sie uns bitte. Sie k\u00f6nnen sich mit uns in Verbindung setzen, indem Sie die unten stehenden Informationen verwenden. Sie haben die folgenden Rechte:<\/p><ul>\n                <li>Sie haben das Recht zu erfahren, wozu Ihre pers\u00f6nlichen Daten ben\u00f6tigt werden, was mit ihnen geschieht und wie lange sie gespeichert werden.<\/li>\n                <li>Zugriffsrecht: Sie haben das Recht, auf Ihre uns bekannten pers\u00f6nlichen Daten zuzugreifen.<\/li>\n                <li>Recht auf Berichtigung: Sie haben das Recht, Ihre personenbezogenen Daten zu erg\u00e4nzen, zu berichtigen, l\u00f6schen oder sperren zu lassen, wann immer Sie dies w\u00fcnschen.<\/li>\n                <li>Wenn Sie uns Ihre Einwilligung zur Verarbeitung Ihrer Daten gegeben haben, haben Sie das Recht, diese Einwilligung zu widerrufen und Ihre pers\u00f6nlichen Daten l\u00f6schen zu lassen.<\/li>\n                <li>Recht auf \u00dcbermittlung Ihrer Daten: Sie haben das Recht, alle Ihre personenbezogenen Daten von dem f\u00fcr die Verarbeitung Verantwortlichen anzufordern und sie in ihrer Gesamtheit an einen anderen f\u00fcr die Verarbeitung Verantwortlichen zu \u00fcbermitteln.<\/li>\n                <li>Recht auf Widerspruch: Sie k\u00f6nnen der Verarbeitung Ihrer Daten widersprechen. Dem kommen wir nach, es sei denn, es liegen berechtigte Gr\u00fcnde f\u00fcr die Verarbeitung vor.<\/li>\n            <\/ul><p>Bitte stellen Sie sicher, dass Sie immer klar angeben, wer Sie sind, damit wir sicher sein k\u00f6nnen, dass wir keine Daten der falschen Person \u00e4ndern oder l\u00f6schen.<\/p><h2>9. Automatisierte Entscheidungsfindung<\/h2><p>Wir treffen Entscheidungen auf der Grundlage einer automatisierten Verarbeitung in Bezug auf Angelegenheiten, die (erhebliche) Auswirkungen auf Einzelpersonen haben k\u00f6nnen. Dies sind Entscheidungen, die von Computerprogrammen oder -systemen ohne menschliches Zutun getroffen werden.<\/p><p>Optimierung der Website und des Einkaufserlebnisses<\/p><h2>10. Einreichen einer Beschwerde<\/h2><p>Wenn Sie mit der Art und Weise, wie wir die Verarbeitung Ihrer pers\u00f6nlichen Daten handhaben, nicht zufrieden sind (eine Beschwerde dar\u00fcber), haben Sie das Recht, eine Beschwerde beim Information Commissioner's Office einzureichen:<\/p><p><br>Wycliffe Haus<br>\n                        Water Lane<br>\n                        Wilmslow<br>\n                        Cheshire<br>\n                        SK9 5AF<\/p><p><br>Jersey B\u00fcro des Informationsbeauftragten<br>\n                        2. Stock 5 Castle Street<br>\n                        St. Helier<br>\n                        Jersey<br>\n                        JE2 3BT<\/p><p><br>St. Martins Haus<br>\n                        Le Bordage<br>\n                        St. Peter Port<br>\n                        Guernsey<br>\n                        GY1 1BR<\/p><h2>11. Kinder<\/h2><p>Unsere Website ist nicht darauf ausgerichtet, Kinder anzusprechen, und es ist nicht unsere Absicht, pers\u00f6nliche Daten von Kindern zu sammeln, die in dem Land, in dem sie leben, noch nicht vollj\u00e4hrig sind. Wir bitten daher darum, dass Kinder, die noch nicht vollj\u00e4hrig sind, keine pers\u00f6nlichen Daten an uns \u00fcbermitteln.<\/p><h2>12. Kontaktangaben<\/h2><p>AIFB EDOARDO GUZZI<br>\n        CHE-481.233.834 <br \/>\nChl\u00e4tterstrasse 4c<br \/>\n8458 Dorf ZH<br \/>\nSchweiz<br>\n        Schweiz<br>\n        Website: <a href=\"https:\/\/edoardoguzzi.com\/de\">https:\/\/edoardoguzzi.com\/de<\/a> <br>\n        E-Mail: <span class=\"cmplz-obfuscate\">Privatsph\u00e4re@<span class=\"cmplz-fmail-domain\">ex.com<\/span>aifb.ch<\/span> <br>\n        Telefonnummer: +41435507619<\/p><h2>13. Datenanfragen<\/h2><p>F\u00fcr die am h\u00e4ufigsten gestellten Anfragen bieten wir Ihnen auch die M\u00f6glichkeit, unser Datenanfrageformular zu verwenden<br>\t\t\t<div class=\"cmplz-datarequest cmplz-alert\">\n\t\t\t\t<span class=\"cmplz-close\">\u00d7<\/span>\n\t\t\t\t<span id=\"cmplz-message\"><\/span>\n\t\t\t<\/div>\n\t\t\t<form id=\"cmplz-datarequest-form\" action=\"\">\n\t\t\t\t<input type=\"hidden\" required value=\"uk\" name=\"cmplz_datarequest_region\" id=\"cmplz_datarequest_region\" >\n\n\t\t\t\t<label for=\"cmplz_datarequest_firstname\" class=\"cmplz-first-name\">Name\t\t\t\t\t<input type=\"search\" class=\"datarequest-firstname\" value=\"\" placeholder=\"Ihr Vorname\" id=\"cmplz_datarequest_firstname\" name=\"cmplz_datarequest_firstname\" >\n\t\t\t\t<\/label>\n\t\t\t\t<div>\n\t\t\t\t\t<label for=\"cmplz_datarequest_name\">Name<\/label>\n\t\t\t\t\t<input type=\"text\" required value=\"\" placeholder=\"Ihr Name\" id=\"cmplz_datarequest_name\" name=\"cmplz_datarequest_name\">\n\t\t\t\t<\/div>\n\t\t\t\t<div>\n\t\t\t\t\t<label for=\"cmplz_datarequest_email\">E-Mail<\/label>\n\t\t\t\t\t<input type=\"email\" required value=\"\" placeholder=\"email@email.com\" id=\"cmplz_datarequest_email\" name=\"cmplz_datarequest_email\">\n\t\t\t\t<\/div>\n\t\t\t\t\t\t\t\t\t\t<div class=\"cmplz_datarequest cmplz_datarequest_request_for_access\">\n\t\t\t\t\t\t\t<label for=\"cmplz_datarequest_request_for_access\">\n\t\t\t\t\t\t\t\t<input type=\"checkbox\" value=\"1\" name=\"cmplz_datarequest_request_for_access\" id=\"cmplz_datarequest_request_for_access\"\/>\n\t\t\t\t\t\t\t\tStellen Sie einen Antrag auf Zugang zu den Daten, die wir \u00fcber Sie verarbeiten.\t\t\t\t\t\t\t<\/label>\n\t\t\t\t\t\t<\/div>\n\t\t\t\t\t\t\t\t\t\t<div class=\"cmplz_datarequest cmplz_datarequest_right_to_be_forgotten\">\n\t\t\t\t\t\t\t<label for=\"cmplz_datarequest_right_to_be_forgotten\">\n\t\t\t\t\t\t\t\t<input type=\"checkbox\" value=\"1\" name=\"cmplz_datarequest_right_to_be_forgotten\" id=\"cmplz_datarequest_right_to_be_forgotten\"\/>\n\t\t\t\t\t\t\t\tStellen Sie einen Antrag auf L\u00f6schung der Daten, wenn sie nicht mehr relevant sind.\t\t\t\t\t\t\t<\/label>\n\t\t\t\t\t\t<\/div>\n\t\t\t\t\t\t\t\t\t\t<div class=\"cmplz_datarequest cmplz_datarequest_right_to_data_portability\">\n\t\t\t\t\t\t\t<label for=\"cmplz_datarequest_right_to_data_portability\">\n\t\t\t\t\t\t\t\t<input type=\"checkbox\" value=\"1\" name=\"cmplz_datarequest_right_to_data_portability\" id=\"cmplz_datarequest_right_to_data_portability\"\/>\n\t\t\t\t\t\t\t\tStellen Sie eine Anfrage, um eine Exportdatei der Daten zu erhalten, die wir \u00fcber Sie verarbeiten.\t\t\t\t\t\t\t<\/label>\n\t\t\t\t\t\t<\/div>\n\t\t\t\t\t\t\t\t<input type=\"button\" id=\"cmplz-datarequest-submit\"  value=\"Senden Sie\">\n\t\t\t<input type=\"hidden\" name=\"trp-form-language\" value=\"de\"\/><\/form>\n\n\t\t\t<style>\n\t\t\t\t\/* first-name is honeypot *\/\n\t\t\t\t.cmplz-first-name {\n\t\t\t\t\tposition: absolute !important;\n\t\t\t\t\tleft: -5000px !important;\n\t\t\t\t}\n\t\t\t<\/style>\n\t\t\t<\/p><h2>Anhang<\/h2><p><h2>Complianz | Die Datenschutz-Suite f\u00fcr WordPress<\/h2><p>Diese Website verwendet die Privacy Suite f\u00fcr WordPress von Complianz, um Einverst\u00e4ndniserkl\u00e4rungen zu sammeln. F\u00fcr diese Funktion wird Ihre IP-Adresse anonymisiert und in unserer Datenbank gespeichert. Weitere Informationen finden Sie in der <a href=\"https:\/\/complianz.io\/privacy-statement\/\" target=\"_blank\" rel=\"noopener\">Erkl\u00e4rung zum Datenschutz<\/a> von Complianz.<\/p><h2>Kolibri<\/h2><h3>Dritte Parteien<\/h3><p>Hummingbird verwendet das Stackpath Content Delivery Network (CDN). Stackpath kann Web-Log-Informationen von Website-Besuchern, einschlie\u00dflich IPs, UA, Referrer, Standort und ISP-Informationen der Website-Besucher f\u00fcr 7 Tage speichern. Dateien und Bilder, die \u00fcber das CDN bereitgestellt werden, k\u00f6nnen auch in anderen L\u00e4ndern als Ihrem eigenen gespeichert und bereitgestellt werden. Die Datenschutzrichtlinien von Stackpath finden Sie hier <a href=\"https:\/\/www.stackpath.com\/legal\/privacy-statement\/\" target=\"_blank\" rel=\"noopener\">hier<\/a>.<\/p><h2>WP Smush<\/h2><h3>Plugin: Smush<\/h3><p>Hinweis: Smush interagiert nicht mit Endbenutzern auf Ihrer Website. Die einzige Eingabem\u00f6glichkeit, die Smush bietet, ist ein Newsletter-Abonnement, das nur f\u00fcr Website-Administratoren zug\u00e4nglich ist. Wenn Sie Ihre Benutzer in Ihrer Datenschutzrichtlinie dar\u00fcber informieren m\u00f6chten, k\u00f6nnen Sie die unten stehenden Informationen verwenden.<\/p><p>Smush sendet Bilder an die WPMU DEV-Server, um sie f\u00fcr die Verwendung im Web zu optimieren. Dazu geh\u00f6rt auch die \u00dcbertragung der EXIF-Daten. Die EXIF-Daten werden entweder entfernt oder unver\u00e4ndert zur\u00fcckgegeben. Sie werden nicht auf den WPMU DEV-Servern gespeichert.<\/p><p>Smush verwendet das Stackpath Content Delivery Network (CDN). Stackpath kann Web-Log-Informationen von Website-Besuchern, einschlie\u00dflich IPs, UA, Referrer, Standort und ISP-Informationen der Website-Besucher f\u00fcr 7 Tage speichern. Dateien und Bilder, die \u00fcber das CDN bereitgestellt werden, k\u00f6nnen auch in anderen L\u00e4ndern als Ihrem eigenen gespeichert und bereitgestellt werden. Die Datenschutzrichtlinien von Stackpath finden Sie hier <a href=\"https:\/\/www.stackpath.com\/legal\/privacy-statement\/\" target=\"_blank\" rel=\"noopener\">hier<\/a>.<\/p><\/p><\/div>","protected":false},"excerpt":{"rendered":"","protected":false},"author":1,"featured_media":0,"parent":0,"menu_order":0,"comment_status":"closed","ping_status":"closed","template":"","meta":{"_breakdance_hide_in_design_set":false,"_breakdance_tags":"","footnotes":""},"class_list":["post-34746","page","type-page","status-publish","hentry"],"meta_box":[],"_links":{"self":[{"href":"https:\/\/edoardoguzzi.com\/de\/wp-json\/wp\/v2\/pages\/34746","targetHints":{"allow":["GET"]}}],"collection":[{"href":"https:\/\/edoardoguzzi.com\/de\/wp-json\/wp\/v2\/pages"}],"about":[{"href":"https:\/\/edoardoguzzi.com\/de\/wp-json\/wp\/v2\/types\/page"}],"author":[{"embeddable":true,"href":"https:\/\/edoardoguzzi.com\/de\/wp-json\/wp\/v2\/users\/1"}],"replies":[{"embeddable":true,"href":"https:\/\/edoardoguzzi.com\/de\/wp-json\/wp\/v2\/comments?post=34746"}],"version-history":[{"count":0,"href":"https:\/\/edoardoguzzi.com\/de\/wp-json\/wp\/v2\/pages\/34746\/revisions"}],"wp:attachment":[{"href":"https:\/\/edoardoguzzi.com\/de\/wp-json\/wp\/v2\/media?parent=34746"}],"curies":[{"name":"wp","href":"https:\/\/api.w.org\/{rel}","templated":true}]}}