{"id":34748,"date":"2024-12-05T15:36:07","date_gmt":"2024-12-05T14:36:07","guid":{"rendered":"https:\/\/edoardoguzzi.com\/dichiarazione-sulla-privacy-ca\/"},"modified":"2024-12-05T15:36:07","modified_gmt":"2024-12-05T14:36:07","slug":"ca-datenschutzerklarung","status":"publish","type":"page","link":"https:\/\/edoardoguzzi.com\/de\/ca-datenschutzerklarung\/","title":{"rendered":"Erkl\u00e4rung zum Datenschutz (CA)"},"content":{"rendered":"<!-- Legal document generated by Complianz | GDPR\/CCPA Cookie Consent https:\/\/wordpress.org\/plugins\/complianz-gdpr -->\n<div id=\"cmplz-document\" class=\"cmplz-document privacy-statement cmplz-document-ca\"><p><i>This privacy statement was last changed on Dezember 5, 2024, last checked on Dezember 5, 2024, and applies to citizens and legal permanent residents of Canada.<\/i><br \/><br \/><\/p><p>In dieser Datenschutzerkl\u00e4rung erkl\u00e4ren wir, was wir mit den Daten machen, die wir \u00fcber Sie erhalten <a href=\"https:\/\/edoardoguzzi.com\/de\">https:\/\/edoardoguzzi.com\/de<\/a>. Wir empfehlen Ihnen, diese Erkl\u00e4rung sorgf\u00e4ltig zu lesen. Bei unserer Verarbeitung halten wir uns an die Anforderungen der Datenschutzgesetze. Das bedeutet unter anderem, dass:<ul>\n                <li>wir geben klar an, zu welchen Zwecken wir personenbezogene Daten verarbeiten. Wir tun dies mit Hilfe dieser Datenschutzerkl\u00e4rung;<\/li>\n                <li>wir sind bestrebt, unsere Sammlung personenbezogener Daten auf die personenbezogenen Daten zu beschr\u00e4nken, die f\u00fcr rechtm\u00e4\u00dfige Zwecke erforderlich sind;<\/li>\n                <li>in F\u00e4llen, in denen Ihre Zustimmung erforderlich ist, bitten wir Sie zun\u00e4chst um Ihre ausdr\u00fcckliche Zustimmung zur Verarbeitung Ihrer personenbezogenen Daten;<\/li>\n                <li>wir angemessene Sicherheitsma\u00dfnahmen ergreifen, um Ihre personenbezogenen Daten zu sch\u00fctzen, und dies auch von Parteien verlangen, die personenbezogene Daten in unserem Auftrag verarbeiten;<\/li>\n                <li>wir respektieren Ihr Recht, auf Ihre pers\u00f6nlichen Daten zuzugreifen, sie zu korrigieren oder zu l\u00f6schen, wenn Sie dies w\u00fcnschen.<\/li>\n            <\/ul><\/p>Wenn Sie Fragen haben oder genau wissen m\u00f6chten, welche Daten wir \u00fcber Sie speichern, kontaktieren Sie uns bitte.<h2>1. Zweck und Kategorien von Daten<\/h2><p>Wir k\u00f6nnen personenbezogene Daten f\u00fcr eine Reihe von Zwecken im Zusammenhang mit unserem Gesch\u00e4ftsbetrieb erfassen oder erhalten, darunter die folgenden: (zum Vergr\u00f6\u00dfern klicken)<\/b><\/p><details class=\"cmplz-dropdown dropdown-privacy-statement\"><summary><div><h3>1.1 Kontakt - Per Telefon, Post, E-Mail und\/oder Webformulare<\/h3><\/div><\/summary><p class=\"cmplz-subtitle\">Die folgenden Kategorien von Daten werden erfasst<\/p><p><ul><li>Ein Vor- und Nachname<\/li><li>Eine E-Mail Adresse<\/li><li>Eine Telefonnummer<\/li><\/ul><\/p><p class=\"cmplz-subtitle\">Aufbewahrungsfrist<\/p><p>Wir bewahren diese Daten auf, bis der Dienst beendet wird.<\/p><\/details><details class=\"cmplz-dropdown dropdown-privacy-statement\"><summary><div><h3>1.2 Zahlungen<\/h3><\/div><\/summary><p class=\"cmplz-subtitle\">Die folgenden Kategorien von Daten werden erfasst<\/p><p><ul><li>Ein Vor- und Nachname<\/li><li>Kontoname oder Alias<\/li><li>Eine Wohnadresse oder eine andere physische Adresse, einschlie\u00dflich Stra\u00dfenname und Name einer Stadt oder eines Ortes<\/li><li>Eine E-Mail Adresse<\/li><li>Eine Telefonnummer<\/li><\/ul><\/p><p class=\"cmplz-subtitle\">Aufbewahrungsfrist<\/p><p>Wir bewahren diese Daten auf, bis der Dienst beendet wird.<\/p><\/details><details class=\"cmplz-dropdown dropdown-privacy-statement\"><summary><div><h3>1.3 Ein Konto registrieren<\/h3><\/div><\/summary><p class=\"cmplz-subtitle\">Die folgenden Kategorien von Daten werden erfasst<\/p><p><ul><li>Ein Vor- und Nachname<\/li><li>Kontoname oder Alias<\/li><li>Eine E-Mail Adresse<\/li><li>Geolokalisierungsdaten<\/li><\/ul><\/p><p class=\"cmplz-subtitle\">Aufbewahrungsfrist<\/p><p>Wir bewahren diese Daten auf, bis der Dienst beendet wird.<\/p><\/details><details class=\"cmplz-dropdown dropdown-privacy-statement\"><summary><div><h3>1.4 Newsletters<\/h3><\/div><\/summary><p class=\"cmplz-subtitle\">Die folgenden Kategorien von Daten werden erfasst<\/p><p><ul><li>Ein Vor- und Nachname<\/li><li>Eine E-Mail Adresse<\/li><\/ul><\/p><p class=\"cmplz-subtitle\">Aufbewahrungsfrist<\/p><p>Wir bewahren diese Daten auf, bis der Dienst beendet wird.<\/p><\/details><details class=\"cmplz-dropdown dropdown-privacy-statement\"><summary><div><h3>1.5 Zur Unterst\u00fctzung von Dienstleistungen oder Produkten, die ein Kunde kaufen m\u00f6chte oder gekauft hat<\/h3><\/div><\/summary><p class=\"cmplz-subtitle\">Die folgenden Kategorien von Daten werden erfasst<\/p><p><ul><li>Ein Vor- und Nachname<\/li><li>Eine E-Mail Adresse<\/li><li>Eine Telefonnummer<\/li><li>Geolokalisierungsdaten<\/li><li>Geburtsdatum<\/li><li>Sex<\/li><li>Physikalische Merkmale oder Beschreibung<\/li><li>Berufliche oder besch\u00e4ftigungsbezogene Informationen<\/li><\/ul><\/p><p class=\"cmplz-subtitle\">Aufbewahrungsfrist<\/p><p>Wir bewahren diese Daten auf, bis der Dienst beendet wird.<\/p><\/details><details class=\"cmplz-dropdown dropdown-privacy-statement\"><summary><div><h3>1.6 Um den gesetzlichen Verpflichtungen nachkommen zu k\u00f6nnen<\/h3><\/div><\/summary><p class=\"cmplz-subtitle\">Die folgenden Kategorien von Daten werden erfasst<\/p><p><ul><li>Ein Vor- und Nachname<\/li><li>Eine E-Mail Adresse<\/li><li>Eine Telefonnummer<\/li><\/ul><\/p><p class=\"cmplz-subtitle\">Aufbewahrungsfrist<\/p><p>Wir bewahren diese Daten auf, bis der Dienst beendet wird.<\/p><\/details><details class=\"cmplz-dropdown dropdown-privacy-statement\"><summary><div><h3>1.7 Zusammenstellen und Analysieren von Statistiken zur Verbesserung der Website.<\/h3><\/div><\/summary><p class=\"cmplz-subtitle\">Die folgenden Kategorien von Daten werden erfasst<\/p><p><ul><li>Geolokalisierungsdaten<\/li><\/ul><\/p><p class=\"cmplz-subtitle\">Aufbewahrungsfrist<\/p><p>Wir bewahren diese Daten auf, bis der Dienst beendet wird.<\/p><\/details><details class=\"cmplz-dropdown dropdown-privacy-statement\"><summary><div><h3>1.8 Um personalisierte Produkte und Dienstleistungen anbieten zu k\u00f6nnen<\/h3><\/div><\/summary><p class=\"cmplz-subtitle\">Die folgenden Kategorien von Daten werden erfasst<\/p><p><ul><li>Ein Vor- und Nachname<\/li><li>Kontoname oder Alias<\/li><li>Eine E-Mail Adresse<\/li><li>Geolokalisierungsdaten<\/li><li>Familienstand<\/li><li>Geburtsdatum<\/li><li>Sex<\/li><li>Physikalische Merkmale oder Beschreibung<\/li><\/ul><\/p><p class=\"cmplz-subtitle\">Aufbewahrungsfrist<\/p><p>Wir bewahren diese Daten auf, bis der Dienst beendet wird.<\/p><\/details><details class=\"cmplz-dropdown dropdown-privacy-statement\"><summary><div><h3>1.9 Auslieferungen<\/h3><\/div><\/summary><p class=\"cmplz-subtitle\">Die folgenden Kategorien von Daten werden erfasst<\/p><p><ul><li>Ein Vor- und Nachname<\/li><li>Eine Wohnadresse oder eine andere physische Adresse, einschlie\u00dflich Stra\u00dfenname und Name einer Stadt oder eines Ortes<\/li><li>Eine E-Mail Adresse<\/li><li>Eine Telefonnummer<\/li><\/ul><\/p><p class=\"cmplz-subtitle\">Aufbewahrungsfrist<\/p><p>Wir bewahren diese Daten auf, bis der Dienst beendet wird.<\/p><\/details><h2>2. Gemeinsame Nutzung mit anderen Parteien<\/h2><p>Wir geben diese Daten nur zu den folgenden Zwecken an andere Empf\u00e4nger weiter oder stellen sie ihnen zur Verf\u00fcgung:<\/p><p><b>Zweck der Daten\u00fcbermittlung:<\/b>&nbsp;<br \/>\n             <b>Land oder Staat, in dem dieser Dienstanbieter ans\u00e4ssig ist:<\/b>&nbsp;Irland<br \/><b>Zweck der Daten\u00fcbermittlung:<\/b>&nbsp;<br \/>\n             <b>Land oder Staat, in dem dieser Dienstanbieter ans\u00e4ssig ist:<\/b>&nbsp;Irland<br \/><\/p><h2>3. Praktiken der Offenlegung<\/h2><p><p>Wir legen personenbezogene Daten offen, wenn wir gesetzlich oder per Gerichtsbeschluss dazu verpflichtet sind, als Reaktion auf eine Strafverfolgungsbeh\u00f6rde, soweit dies nach anderen gesetzlichen Bestimmungen zul\u00e4ssig ist, Informationen bereitzustellen, oder f\u00fcr eine Untersuchung in einer Angelegenheit, die die \u00f6ffentliche Sicherheit betrifft.<\/p><p>Wenn unsere Website oder unser Unternehmen \u00fcbernommen, verkauft oder in eine Fusion oder Akquisition verwickelt wird, k\u00f6nnen Ihre Daten unseren Beratern und potenziellen K\u00e4ufern offengelegt und an die neuen Eigent\u00fcmer weitergegeben werden.<\/p><\/p><h2>4. Wie wir auf Do Not Track-Signale und Global Privacy Control reagieren <\/h2><p>Unsere Website reagiert auf das Do Not Track (DNT) Header-Anfragefeld und unterst\u00fctzt dieses. Wenn Sie DNT in Ihrem Browser aktivieren, werden diese Einstellungen im HTTP-Anfrage-Header an uns \u00fcbermittelt, und wir werden Ihr Surfverhalten nicht verfolgen.<\/p><h2>5. Cookies<\/h2><p>Unsere Website verwendet Cookies. Weitere Informationen \u00fcber Cookies finden Sie in unserer Cookie-Richtlinie auf unserer <a href=\"https:\/\/edoardoguzzi.com\/de\/cookie-richtlinie-ca\/\">Cookie-Richtlinie (CA)<\/a> Webpage.&nbsp;<\/p><p>Wir haben einen Vertrag zur Datenverarbeitung mit Google abgeschlossen.<\/p><p>Die Angabe der vollst\u00e4ndigen IP-Adressen wird von uns blockiert.<\/p><h2>6. Sicherheit<\/h2><p>Wir verpflichten uns zur Sicherheit der pers\u00f6nlichen Daten. Wir ergreifen geeignete Sicherheitsma\u00dfnahmen, um den Missbrauch von und den unbefugten Zugriff auf personenbezogene Daten einzuschr\u00e4nken. Dadurch wird sichergestellt, dass nur die notwendigen Personen Zugang zu Ihren Daten haben, dass der Zugang zu den Daten gesch\u00fctzt ist und dass unsere Sicherheitsma\u00dfnahmen regelm\u00e4\u00dfig \u00fcberpr\u00fcft werden.<\/p><p>Die von uns verwendeten Sicherheitsma\u00dfnahmen bestehen aus:<\/p><p><ul><li>Login Sicherheit<\/li><li>DKIM, SPF, DMARC und andere spezifische DNS-Einstellungen<\/li><li>(START)TLS \/ SSL \/ DANE Verschl\u00fcsselung<\/li><li>Website-H\u00e4rtung\/Sicherheitsfunktionen<\/li><li>Sicherheitsma\u00dfnahmen f\u00fcr Hardware, die pers\u00f6nliche Daten enth\u00e4lt oder verarbeitet.<\/li><li>ISO27001\/27002 Zertifizierung<\/li><li>HTTP Strict Transport Security und zugeh\u00f6rige Sicherheits-Header und Browser-Richtlinien<\/li><li>Erkennung von Schwachstellen<\/li><\/ul><\/p><h2>7. Third party websites<\/h2><p>Diese Datenschutzerkl\u00e4rung gilt nicht f\u00fcr Websites von Dritten, die \u00fcber Links auf unserer Website verbunden sind. Wir k\u00f6nnen nicht garantieren, dass diese Dritten Ihre pers\u00f6nlichen Daten auf zuverl\u00e4ssige oder sichere Weise behandeln. Wir empfehlen Ihnen, die Datenschutzerkl\u00e4rungen dieser Websites zu lesen, bevor Sie diese Websites nutzen.<\/p><h2>8. \u00c4nderungen an dieser Datenschutzerkl\u00e4rung<\/h2><p>Wir behalten uns das Recht vor, \u00c4nderungen an dieser Datenschutzerkl\u00e4rung vorzunehmen. Wir empfehlen Ihnen, diese Datenschutzerkl\u00e4rung regelm\u00e4\u00dfig zu konsultieren, um sich \u00fcber etwaige \u00c4nderungen zu informieren. Dar\u00fcber hinaus werden wir Sie, wo immer m\u00f6glich, aktiv informieren.<\/p><h2>9. Zugriff auf Ihre Daten und deren \u00c4nderung<\/h2><p>If you have any questions or want to know which personal data we have about you, please contact us. Please make sure to always clearly state who you are, so that we can be certain that we do not modify or delete any data of the wrong person. We shall provide the requested information only upon receipt of a verifiable consumer request. You can contact us by using the information below.<\/p><p class=\"cmplz-subtitle\">9.1 Sie haben die folgenden Rechte in Bezug auf Ihre pers\u00f6nlichen Daten<\/p><ol class=\"alphabetic\">\n                        <li>Sie k\u00f6nnen einen Antrag auf Zugang zu den Daten stellen, die wir \u00fcber Sie verarbeiten.<\/li>\n                        <li>Sie k\u00f6nnen eine \u00dcbersicht \u00fcber die Daten, die wir \u00fcber Sie verarbeiten, in einem g\u00e4ngigen Format anfordern.<\/li>\n                        <li>You may request correction or deletion of the data if it is incorrect or not or no longer relevant. Where appropriate, the amended information shall be transmitted to third parties having access to the information in question.<\/li>\n                        <li>You have the right to withdraw consent at any time, subject to legal or contractual restrictions and reasonable notice. You will be informed of the implications of such withdrawal.<\/li>\n                        <li>You have the right to address a challenge concerning non-compliance with PIPEDA to our organization and, if the issue is not resolved, to the Office of the Privacy Commissioner of Canada.<\/li>\n                        <li>We shall give access to personal information in an alternative format to an individual with a sensory disability who has a right of access to personal information under PIPEDA and who requests that it be transmitted in the alternative format if (a) a version of the information already exists in that format; or (b) its conversion into that format is reasonable and necessary in order for the individual to be able to exercise rights.<\/li>\n                      <\/ol><h2>10. Kinder<\/h2><p>Unsere Website ist nicht darauf ausgerichtet, Kinder anzusprechen, und es ist nicht unsere Absicht, pers\u00f6nliche Daten von Kindern zu sammeln, die in dem Land, in dem sie leben, noch nicht vollj\u00e4hrig sind. Wir bitten daher darum, dass Kinder, die noch nicht vollj\u00e4hrig sind, keine pers\u00f6nlichen Daten an uns \u00fcbermitteln.<\/p><h2>11. Kontaktangaben<\/h2><p>AIFB EDOARDO GUZZI<br \/>\n        CHE-481.233.834 <br \/>\nChl\u00e4tterstrasse 4c<br \/>\n8458 Dorf ZH<br \/>\nSchweiz<br \/>\n        Schweiz<br \/>\n        Website: <a href=\"https:\/\/edoardoguzzi.com\/de\">https:\/\/edoardoguzzi.com\/de<\/a> <br \/>\n        E-Mail: <span class=\"cmplz-obfuscate\">Privatsph\u00e4re@<span class=\"cmplz-fmail-domain\">ex.com<\/span>aifb.ch<\/span> <br \/>\n        <br \/>\n        Telefonnummer: +41435507619<\/p><h2>12. Datenanfragen<\/h2><p>F\u00fcr die am h\u00e4ufigsten gestellten Anfragen bieten wir Ihnen auch die M\u00f6glichkeit, unser Datenanfrageformular zu verwenden<br \/>\t\t\t<div class=\"cmplz-datarequest cmplz-alert\">\n\t\t\t\t<span class=\"cmplz-close\">\u00d7<\/span>\n\t\t\t\t<span id=\"cmplz-message\"><\/span>\n\t\t\t<\/div>\n\t\t\t<form id=\"cmplz-datarequest-form\" action=\"\">\n\t\t\t\t<input type=\"hidden\" required value=\"ca\" name=\"cmplz_datarequest_region\" id=\"cmplz_datarequest_region\" >\n\n\t\t\t\t<label for=\"cmplz_datarequest_firstname\" class=\"cmplz-first-name\">Name\t\t\t\t\t<input type=\"search\" class=\"datarequest-firstname\" value=\"\" placeholder=\"Ihr Vorname\" id=\"cmplz_datarequest_firstname\" name=\"cmplz_datarequest_firstname\" >\n\t\t\t\t<\/label>\n\t\t\t\t<div>\n\t\t\t\t\t<label for=\"cmplz_datarequest_name\">Name<\/label>\n\t\t\t\t\t<input type=\"text\" required value=\"\" placeholder=\"Ihr Name\" id=\"cmplz_datarequest_name\" name=\"cmplz_datarequest_name\">\n\t\t\t\t<\/div>\n\t\t\t\t<div>\n\t\t\t\t\t<label for=\"cmplz_datarequest_email\">E-Mail<\/label>\n\t\t\t\t\t<input type=\"email\" required value=\"\" placeholder=\"email@email.com\" id=\"cmplz_datarequest_email\" name=\"cmplz_datarequest_email\">\n\t\t\t\t<\/div>\n\t\t\t\t\t\t\t\t\t\t<div class=\"cmplz_datarequest cmplz_datarequest_request_for_access\">\n\t\t\t\t\t\t\t<label for=\"cmplz_datarequest_request_for_access\">\n\t\t\t\t\t\t\t\t<input type=\"checkbox\" value=\"1\" name=\"cmplz_datarequest_request_for_access\" id=\"cmplz_datarequest_request_for_access\"\/>\n\t\t\t\t\t\t\t\tStellen Sie einen Antrag auf Zugang zu den Daten, die wir \u00fcber Sie verarbeiten.\t\t\t\t\t\t\t<\/label>\n\t\t\t\t\t\t<\/div>\n\t\t\t\t\t\t\t\t\t\t<div class=\"cmplz_datarequest cmplz_datarequest_right_to_be_forgotten\">\n\t\t\t\t\t\t\t<label for=\"cmplz_datarequest_right_to_be_forgotten\">\n\t\t\t\t\t\t\t\t<input type=\"checkbox\" value=\"1\" name=\"cmplz_datarequest_right_to_be_forgotten\" id=\"cmplz_datarequest_right_to_be_forgotten\"\/>\n\t\t\t\t\t\t\t\tStellen Sie einen Antrag auf L\u00f6schung der Daten, wenn sie nicht mehr relevant sind.\t\t\t\t\t\t\t<\/label>\n\t\t\t\t\t\t<\/div>\n\t\t\t\t\t\t\t\t\t\t<div class=\"cmplz_datarequest cmplz_datarequest_right_to_data_portability\">\n\t\t\t\t\t\t\t<label for=\"cmplz_datarequest_right_to_data_portability\">\n\t\t\t\t\t\t\t\t<input type=\"checkbox\" value=\"1\" name=\"cmplz_datarequest_right_to_data_portability\" id=\"cmplz_datarequest_right_to_data_portability\"\/>\n\t\t\t\t\t\t\t\tStellen Sie eine Anfrage, um eine Exportdatei der Daten zu erhalten, die wir \u00fcber Sie verarbeiten.\t\t\t\t\t\t\t<\/label>\n\t\t\t\t\t\t<\/div>\n\t\t\t\t\t\t\t\t<input type=\"button\" id=\"cmplz-datarequest-submit\"  value=\"Senden Sie\">\n\t\t\t<input type=\"hidden\" name=\"trp-form-language\" value=\"de\"\/><\/form>\n\n\t\t\t<style>\n\t\t\t\t\/* first-name is honeypot *\/\n\t\t\t\t.cmplz-first-name {\n\t\t\t\t\tposition: absolute !important;\n\t\t\t\t\tleft: -5000px !important;\n\t\t\t\t}\n\t\t\t<\/style>\n\t\t\t<\/p><p>Wir haben eine Kontaktperson f\u00fcr die Richtlinien und Praktiken der Organisation benannt, an die Beschwerden oder Anfragen weitergeleitet werden k\u00f6nnen:<br \/>Edoardo Guzzi<br \/><span \n                data-original-string='itF79CYWMG4Rwvg55D6sKg==edfSXJvsWQ7K1Lp8XZu4U5FyQ=='\n                class='apbct-email-encoder'\n                title='Dieser Kontakt wurde von Anti-Spam by CleanTalk verschl\u00fcsselt. Klicken Sie hier, um ihn zu entschl\u00fcsseln. Sollte der Kontakt danach nicht angezeigt werden, \u00fcberpr\u00fcfen Sie bitte, dass JavaScript in Ihrem Browser aktiviert ist.'>pr<span class=\"apbct-blur\">*****<\/span>@<span class=\"apbct-blur\">**<\/span>fb.ch<\/span><\/p><h2>Anhang<\/h2><p><h2>Complianz | Die Datenschutz-Suite f\u00fcr WordPress<\/h2><p>Diese Website verwendet die Privacy Suite f\u00fcr WordPress von Complianz, um Einverst\u00e4ndniserkl\u00e4rungen zu sammeln. F\u00fcr diese Funktion wird Ihre IP-Adresse anonymisiert und in unserer Datenbank gespeichert. Weitere Informationen finden Sie in der <a href=\"https:\/\/complianz.io\/privacy-statement\/\" target=\"_blank\" rel=\"noopener\">Erkl\u00e4rung zum Datenschutz<\/a> von Complianz.<\/p><h2>Kolibri<\/h2><h3>Dritte Parteien<\/h3><p>Hummingbird verwendet das Stackpath Content Delivery Network (CDN). Stackpath kann Web-Log-Informationen von Website-Besuchern, einschlie\u00dflich IPs, UA, Referrer, Standort und ISP-Informationen der Website-Besucher f\u00fcr 7 Tage speichern. Dateien und Bilder, die \u00fcber das CDN bereitgestellt werden, k\u00f6nnen auch in anderen L\u00e4ndern als Ihrem eigenen gespeichert und bereitgestellt werden. Die Datenschutzrichtlinien von Stackpath finden Sie hier <a href=\"https:\/\/www.stackpath.com\/legal\/privacy-statement\/\" target=\"_blank\" rel=\"noopener\">hier<\/a>.<\/p><h2>WP Smush<\/h2><h3>Plugin: Smush<\/h3><p>Hinweis: Smush interagiert nicht mit Endbenutzern auf Ihrer Website. Die einzige Eingabem\u00f6glichkeit, die Smush bietet, ist ein Newsletter-Abonnement, das nur f\u00fcr Website-Administratoren zug\u00e4nglich ist. Wenn Sie Ihre Benutzer in Ihrer Datenschutzrichtlinie dar\u00fcber informieren m\u00f6chten, k\u00f6nnen Sie die unten stehenden Informationen verwenden.<\/p><p>Smush sendet Bilder an die WPMU DEV-Server, um sie f\u00fcr die Verwendung im Web zu optimieren. Dazu geh\u00f6rt auch die \u00dcbertragung der EXIF-Daten. Die EXIF-Daten werden entweder entfernt oder unver\u00e4ndert zur\u00fcckgegeben. Sie werden nicht auf den WPMU DEV-Servern gespeichert.<\/p><p>Smush verwendet das Stackpath Content Delivery Network (CDN). Stackpath kann Web-Log-Informationen von Website-Besuchern, einschlie\u00dflich IPs, UA, Referrer, Standort und ISP-Informationen der Website-Besucher f\u00fcr 7 Tage speichern. Dateien und Bilder, die \u00fcber das CDN bereitgestellt werden, k\u00f6nnen auch in anderen L\u00e4ndern als Ihrem eigenen gespeichert und bereitgestellt werden. Die Datenschutzrichtlinien von Stackpath finden Sie hier <a href=\"https:\/\/www.stackpath.com\/legal\/privacy-statement\/\" target=\"_blank\" rel=\"noopener\">hier<\/a>.<\/p><\/p><\/div>","protected":false},"excerpt":{"rendered":"","protected":false},"author":1,"featured_media":0,"parent":0,"menu_order":0,"comment_status":"closed","ping_status":"closed","template":"","meta":{"_breakdance_hide_in_design_set":false,"_breakdance_tags":"","footnotes":""},"class_list":["post-34748","page","type-page","status-publish","hentry"],"meta_box":[],"_links":{"self":[{"href":"https:\/\/edoardoguzzi.com\/de\/wp-json\/wp\/v2\/pages\/34748","targetHints":{"allow":["GET"]}}],"collection":[{"href":"https:\/\/edoardoguzzi.com\/de\/wp-json\/wp\/v2\/pages"}],"about":[{"href":"https:\/\/edoardoguzzi.com\/de\/wp-json\/wp\/v2\/types\/page"}],"author":[{"embeddable":true,"href":"https:\/\/edoardoguzzi.com\/de\/wp-json\/wp\/v2\/users\/1"}],"replies":[{"embeddable":true,"href":"https:\/\/edoardoguzzi.com\/de\/wp-json\/wp\/v2\/comments?post=34748"}],"version-history":[{"count":0,"href":"https:\/\/edoardoguzzi.com\/de\/wp-json\/wp\/v2\/pages\/34748\/revisions"}],"wp:attachment":[{"href":"https:\/\/edoardoguzzi.com\/de\/wp-json\/wp\/v2\/media?parent=34748"}],"curies":[{"name":"wp","href":"https:\/\/api.w.org\/{rel}","templated":true}]}}